{"id":2191,"date":"2025-10-24T04:36:23","date_gmt":"2025-10-24T04:36:23","guid":{"rendered":"https:\/\/decastroverde.nanatomedia.dev\/es\/?page_id=212"},"modified":"2025-11-07T18:41:54","modified_gmt":"2025-11-07T18:41:54","slug":"abogados-para-casos-de-violencia-domestica-en-las-vegas","status":"publish","type":"page","link":"https:\/\/decastroverdelaw.com\/es\/abogados-para-casos-de-violencia-domestica-en-las-vegas\/","title":{"rendered":"Abogados para casos de violencia dom\u00e9stica en Las Vegas"},"content":{"rendered":"\n<p>Los abogados para casos de violencia dom\u00e9stica en Las Vegas de Los Hermanos De Castroverde te defendemos con respeto y estrategia. Somos tu mejor decisi\u00f3n.<\/p>\n","protected":false},"excerpt":{"rendered":"<p>Los abogados para casos de violencia dom\u00e9stica en Las Vegas de Los Hermanos De Castroverde te defendemos con respeto y estrategia. Somos tu mejor decisi\u00f3n.<\/p>\n","protected":false},"author":26,"featured_media":0,"parent":0,"menu_order":0,"comment_status":"closed","ping_status":"closed","template":"","meta":{"_acf_changed":false,"footnotes":""},"class_list":["post-2191","page","type-page","status-publish","hentry"],"acf":[],"yoast_head":"<!-- This site is optimized with the Yoast SEO plugin v27.3 - https:\/\/yoast.com\/product\/yoast-seo-wordpress\/ -->\n<title>Abogados para casos de violencia dom\u00e9stica en Las Vegas | Los Hermanos De Castroverde<\/title>\n<meta name=\"description\" content=\"Los abogados para casos de violencia dom\u00e9stica en Las Vegas de Los Hermanos De Castroverde te defendemos con respeto y estrategia. Somos tu mejor decisi\u00f3n.\" \/>\n<meta name=\"robots\" content=\"index, follow, max-snippet:-1, max-image-preview:large, max-video-preview:-1\" \/>\n<link rel=\"canonical\" href=\"https:\/\/decastroverdelaw.com\/es\/abogados-para-casos-de-violencia-domestica-en-las-vegas\/\" \/>\n<meta property=\"og:locale\" content=\"es_ES\" \/>\n<meta property=\"og:type\" content=\"article\" \/>\n<meta property=\"og:title\" content=\"Abogados para casos de violencia dom\u00e9stica en Las Vegas | Los Hermanos De Castroverde\" \/>\n<meta property=\"og:description\" content=\"Los abogados para casos de violencia dom\u00e9stica en Las Vegas de Los Hermanos De Castroverde te defendemos con respeto y estrategia. Somos tu mejor decisi\u00f3n.\" \/>\n<meta property=\"og:url\" content=\"https:\/\/decastroverdelaw.com\/es\/abogados-para-casos-de-violencia-domestica-en-las-vegas\/\" \/>\n<meta property=\"og:site_name\" content=\"Los Hermanos De Castroverde\" \/>\n<meta property=\"article:modified_time\" content=\"2025-11-07T18:41:54+00:00\" \/>\n<meta property=\"og:image\" content=\"https:\/\/decastroverdelaw.com\/es\/wp-content\/uploads\/sites\/2\/2026\/02\/de-castroverde-law-og.jpg\" \/>\n\t<meta property=\"og:image:width\" content=\"1200\" \/>\n\t<meta property=\"og:image:height\" content=\"675\" \/>\n\t<meta property=\"og:image:type\" content=\"image\/jpeg\" \/>\n<meta name=\"twitter:card\" content=\"summary_large_image\" \/>\n<meta name=\"twitter:label1\" content=\"Tiempo de lectura\" \/>\n\t<meta name=\"twitter:data1\" content=\"1 minuto\" \/>\n<script type=\"application\/ld+json\" class=\"yoast-schema-graph\">{\"@context\":\"https:\\\/\\\/schema.org\",\"@graph\":[{\"@type\":\"WebPage\",\"@id\":\"https:\\\/\\\/decastroverdelaw.com\\\/es\\\/abogados-para-casos-de-violencia-domestica-en-las-vegas\\\/\",\"url\":\"https:\\\/\\\/decastroverdelaw.com\\\/es\\\/abogados-para-casos-de-violencia-domestica-en-las-vegas\\\/\",\"name\":\"Abogados para casos de violencia dom\u00e9stica en Las Vegas | Los Hermanos De Castroverde\",\"isPartOf\":{\"@id\":\"https:\\\/\\\/decastroverdelaw.com\\\/es\\\/#website\"},\"datePublished\":\"2025-10-24T04:36:23+00:00\",\"dateModified\":\"2025-11-07T18:41:54+00:00\",\"description\":\"Los abogados para casos de violencia dom\u00e9stica en Las Vegas de Los Hermanos De Castroverde te defendemos con respeto y estrategia. Somos tu mejor decisi\u00f3n.\",\"breadcrumb\":{\"@id\":\"https:\\\/\\\/decastroverdelaw.com\\\/es\\\/abogados-para-casos-de-violencia-domestica-en-las-vegas\\\/#breadcrumb\"},\"inLanguage\":\"es\",\"potentialAction\":[{\"@type\":\"ReadAction\",\"target\":[\"https:\\\/\\\/decastroverdelaw.com\\\/es\\\/abogados-para-casos-de-violencia-domestica-en-las-vegas\\\/\"]}]},{\"@type\":\"BreadcrumbList\",\"@id\":\"https:\\\/\\\/decastroverdelaw.com\\\/es\\\/abogados-para-casos-de-violencia-domestica-en-las-vegas\\\/#breadcrumb\",\"itemListElement\":[{\"@type\":\"ListItem\",\"position\":1,\"name\":\"Home\",\"item\":\"https:\\\/\\\/decastroverdelaw.com\\\/es\\\/\"},{\"@type\":\"ListItem\",\"position\":2,\"name\":\"Abogados para casos de violencia dom\u00e9stica en Las Vegas\"}]},{\"@type\":\"WebSite\",\"@id\":\"https:\\\/\\\/decastroverdelaw.com\\\/es\\\/#website\",\"url\":\"https:\\\/\\\/decastroverdelaw.com\\\/es\\\/\",\"name\":\"Los Hermanos De Castroverde\",\"description\":\"\",\"publisher\":{\"@id\":\"https:\\\/\\\/decastroverdelaw.com\\\/es\\\/#organization\"},\"potentialAction\":[{\"@type\":\"SearchAction\",\"target\":{\"@type\":\"EntryPoint\",\"urlTemplate\":\"https:\\\/\\\/decastroverdelaw.com\\\/es\\\/?s={search_term_string}\"},\"query-input\":{\"@type\":\"PropertyValueSpecification\",\"valueRequired\":true,\"valueName\":\"search_term_string\"}}],\"inLanguage\":\"es\"},{\"@type\":\"Organization\",\"@id\":\"https:\\\/\\\/decastroverdelaw.com\\\/es\\\/#organization\",\"name\":\"Los Hermanos De Castroverde\",\"url\":\"https:\\\/\\\/decastroverdelaw.com\\\/es\\\/\",\"logo\":{\"@type\":\"ImageObject\",\"inLanguage\":\"es\",\"@id\":\"https:\\\/\\\/decastroverdelaw.com\\\/es\\\/#\\\/schema\\\/logo\\\/image\\\/\",\"url\":\"https:\\\/\\\/decastroverdelaw.com\\\/es\\\/wp-content\\\/uploads\\\/sites\\\/2\\\/2026\\\/02\\\/Logotipo_ESP_EN.jpg\",\"contentUrl\":\"https:\\\/\\\/decastroverdelaw.com\\\/es\\\/wp-content\\\/uploads\\\/sites\\\/2\\\/2026\\\/02\\\/Logotipo_ESP_EN.jpg\",\"width\":1200,\"height\":1200,\"caption\":\"Los Hermanos De Castroverde\"},\"image\":{\"@id\":\"https:\\\/\\\/decastroverdelaw.com\\\/es\\\/#\\\/schema\\\/logo\\\/image\\\/\"}}]}<\/script>\n<!-- \/ Yoast SEO plugin. -->","yoast_head_json":{"title":"Abogados para casos de violencia dom\u00e9stica en Las Vegas | Los Hermanos De Castroverde","description":"Los abogados para casos de violencia dom\u00e9stica en Las Vegas de Los Hermanos De Castroverde te defendemos con respeto y estrategia. Somos tu mejor decisi\u00f3n.","robots":{"index":"index","follow":"follow","max-snippet":"max-snippet:-1","max-image-preview":"max-image-preview:large","max-video-preview":"max-video-preview:-1"},"canonical":"https:\/\/decastroverdelaw.com\/es\/abogados-para-casos-de-violencia-domestica-en-las-vegas\/","og_locale":"es_ES","og_type":"article","og_title":"Abogados para casos de violencia dom\u00e9stica en Las Vegas | Los Hermanos De Castroverde","og_description":"Los abogados para casos de violencia dom\u00e9stica en Las Vegas de Los Hermanos De Castroverde te defendemos con respeto y estrategia. Somos tu mejor decisi\u00f3n.","og_url":"https:\/\/decastroverdelaw.com\/es\/abogados-para-casos-de-violencia-domestica-en-las-vegas\/","og_site_name":"Los Hermanos De Castroverde","article_modified_time":"2025-11-07T18:41:54+00:00","og_image":[{"width":1200,"height":675,"url":"https:\/\/decastroverdelaw.com\/es\/wp-content\/uploads\/sites\/2\/2026\/02\/de-castroverde-law-og.jpg","type":"image\/jpeg"}],"twitter_card":"summary_large_image","twitter_misc":{"Tiempo de lectura":"1 minuto"},"schema":{"@context":"https:\/\/schema.org","@graph":[{"@type":"WebPage","@id":"https:\/\/decastroverdelaw.com\/es\/abogados-para-casos-de-violencia-domestica-en-las-vegas\/","url":"https:\/\/decastroverdelaw.com\/es\/abogados-para-casos-de-violencia-domestica-en-las-vegas\/","name":"Abogados para casos de violencia dom\u00e9stica en Las Vegas | Los Hermanos De Castroverde","isPartOf":{"@id":"https:\/\/decastroverdelaw.com\/es\/#website"},"datePublished":"2025-10-24T04:36:23+00:00","dateModified":"2025-11-07T18:41:54+00:00","description":"Los abogados para casos de violencia dom\u00e9stica en Las Vegas de Los Hermanos De Castroverde te defendemos con respeto y estrategia. Somos tu mejor decisi\u00f3n.","breadcrumb":{"@id":"https:\/\/decastroverdelaw.com\/es\/abogados-para-casos-de-violencia-domestica-en-las-vegas\/#breadcrumb"},"inLanguage":"es","potentialAction":[{"@type":"ReadAction","target":["https:\/\/decastroverdelaw.com\/es\/abogados-para-casos-de-violencia-domestica-en-las-vegas\/"]}]},{"@type":"BreadcrumbList","@id":"https:\/\/decastroverdelaw.com\/es\/abogados-para-casos-de-violencia-domestica-en-las-vegas\/#breadcrumb","itemListElement":[{"@type":"ListItem","position":1,"name":"Home","item":"https:\/\/decastroverdelaw.com\/es\/"},{"@type":"ListItem","position":2,"name":"Abogados para casos de violencia dom\u00e9stica en Las Vegas"}]},{"@type":"WebSite","@id":"https:\/\/decastroverdelaw.com\/es\/#website","url":"https:\/\/decastroverdelaw.com\/es\/","name":"Los Hermanos De Castroverde","description":"","publisher":{"@id":"https:\/\/decastroverdelaw.com\/es\/#organization"},"potentialAction":[{"@type":"SearchAction","target":{"@type":"EntryPoint","urlTemplate":"https:\/\/decastroverdelaw.com\/es\/?s={search_term_string}"},"query-input":{"@type":"PropertyValueSpecification","valueRequired":true,"valueName":"search_term_string"}}],"inLanguage":"es"},{"@type":"Organization","@id":"https:\/\/decastroverdelaw.com\/es\/#organization","name":"Los Hermanos De Castroverde","url":"https:\/\/decastroverdelaw.com\/es\/","logo":{"@type":"ImageObject","inLanguage":"es","@id":"https:\/\/decastroverdelaw.com\/es\/#\/schema\/logo\/image\/","url":"https:\/\/decastroverdelaw.com\/es\/wp-content\/uploads\/sites\/2\/2026\/02\/Logotipo_ESP_EN.jpg","contentUrl":"https:\/\/decastroverdelaw.com\/es\/wp-content\/uploads\/sites\/2\/2026\/02\/Logotipo_ESP_EN.jpg","width":1200,"height":1200,"caption":"Los Hermanos De Castroverde"},"image":{"@id":"https:\/\/decastroverdelaw.com\/es\/#\/schema\/logo\/image\/"}}]}},"_links":{"self":[{"href":"https:\/\/decastroverdelaw.com\/es\/wp-json\/wp\/v2\/pages\/2191","targetHints":{"allow":["GET"]}}],"collection":[{"href":"https:\/\/decastroverdelaw.com\/es\/wp-json\/wp\/v2\/pages"}],"about":[{"href":"https:\/\/decastroverdelaw.com\/es\/wp-json\/wp\/v2\/types\/page"}],"author":[{"embeddable":true,"href":"https:\/\/decastroverdelaw.com\/es\/wp-json\/wp\/v2\/users\/26"}],"replies":[{"embeddable":true,"href":"https:\/\/decastroverdelaw.com\/es\/wp-json\/wp\/v2\/comments?post=2191"}],"version-history":[{"count":2,"href":"https:\/\/decastroverdelaw.com\/es\/wp-json\/wp\/v2\/pages\/2191\/revisions"}],"predecessor-version":[{"id":2303,"href":"https:\/\/decastroverdelaw.com\/es\/wp-json\/wp\/v2\/pages\/2191\/revisions\/2303"}],"wp:attachment":[{"href":"https:\/\/decastroverdelaw.com\/es\/wp-json\/wp\/v2\/media?parent=2191"}],"curies":[{"name":"wp","href":"https:\/\/api.w.org\/{rel}","templated":true}]}}